{"id":2507,"date":"2023-09-18T14:09:05","date_gmt":"2023-09-18T12:09:05","guid":{"rendered":"https:\/\/flocscoworking.com\/?page_id=2507"},"modified":"2023-09-18T14:55:23","modified_gmt":"2023-09-18T12:55:23","slug":"preguntas-frecuentes","status":"publish","type":"page","link":"https:\/\/flocscoworking.com\/es\/preguntas-frecuentes\/","title":{"rendered":"Preguntas frecuentes"},"content":{"rendered":"<p>[et_pb_section fb_built=&#8221;1&#8243; _builder_version=&#8221;4.16&#8243; background_color=&#8221;#f7a700&#8243; background_image=&#8221;http:\/\/flocscoworking.com\/wp-content\/uploads\/2017\/10\/contacte.jpg&#8221; custom_padding=&#8221;54px|0px|132px|0px&#8221; global_colors_info=&#8221;{}&#8221;][et_pb_row _builder_version=&#8221;4.16&#8243; background_size=&#8221;initial&#8221; background_position=&#8221;top_left&#8221; background_repeat=&#8221;repeat&#8221; custom_padding=&#8221;107px|0px|27px|0px&#8221; global_colors_info=&#8221;{}&#8221;][et_pb_column type=&#8221;4_4&#8243; _builder_version=&#8221;4.16&#8243; custom_padding=&#8221;|||&#8221; global_colors_info=&#8221;{}&#8221; custom_padding__hover=&#8221;|||&#8221;][et_pb_text _builder_version=&#8221;4.16&#8243; background_layout=&#8221;dark&#8221; global_colors_info=&#8221;{}&#8221;]<\/p>\n<h1 style=\"text-align: center;\"><strong>FLOCS<\/strong><br \/>\nel coworking de Palafrugell.<\/h1>\n<h2 style=\"text-align: center;\"><\/h2>\n<h2 style=\"text-align: center;\"><\/h2>\n<h2 style=\"text-align: center;\">Todos los servicios y comodidades a un buen precio para desarrollar tu trabajo en un entorno productivo y agradable.<\/h2>\n<p>[\/et_pb_text][\/et_pb_column][\/et_pb_row][\/et_pb_section][et_pb_section fb_built=&#8221;1&#8243; specialty=&#8221;on&#8221; background_repeat_1=&#8221;no-repeat&#8221; background_repeat_2=&#8221;no-repeat&#8221; background_position_1=&#8221;top_left&#8221; background_position_2=&#8221;top_left&#8221; _builder_version=&#8221;4.16&#8243; custom_padding=&#8221;54px|0px|74px|0px&#8221; global_colors_info=&#8221;{}&#8221;][et_pb_column type=&#8221;3_4&#8243; specialty_columns=&#8221;3&#8243; _builder_version=&#8221;4.16&#8243; custom_padding=&#8221;|||&#8221; global_colors_info=&#8221;{}&#8221; custom_padding__hover=&#8221;|||&#8221;][et_pb_row_inner admin_label=&#8221;Row&#8221; _builder_version=&#8221;4.16&#8243; custom_padding=&#8221;29.6875px|0px|9px|0px&#8221; global_colors_info=&#8221;{}&#8221;][et_pb_column_inner saved_specialty_column_type=&#8221;3_4&#8243; _builder_version=&#8221;4.16&#8243; custom_padding=&#8221;|||&#8221; global_colors_info=&#8221;{}&#8221; custom_padding__hover=&#8221;|||&#8221;][et_pb_text _builder_version=&#8221;4.16&#8243; global_colors_info=&#8221;{}&#8221;]<\/p>\n<h1>PREGUNTAS FRECUENTES<\/h1>\n<p>&nbsp;<\/p>\n<p>[\/et_pb_text][et_pb_text _builder_version=&#8221;4.16&#8243; global_colors_info=&#8221;{}&#8221;]<\/p>\n<p><strong>\u00bfPuedo reservar una mesa s\u00f3lo para reservar un d\u00eda?<br \/><\/strong><strong><\/strong><br \/>S\u00ed, tienes la opci\u00f3n de reservar por d\u00edas, semanas y meses, cuanto m\u00e1s tiempo est\u00e9s con nosotros m\u00e1s econ\u00f3mico te resultar\u00e1 y podr\u00e1s disfrutar de mejores condiciones. <a href=\"https:\/\/flocscoworking.com\/espacios-de-trabajo\/\">Consulta nuestras tarifas<\/a><\/p>\n<p><strong><\/strong><\/p>\n<p><strong>\u00bfEst\u00e1 abierto los fines de semana?<br \/><\/strong><br \/>S\u00f3lo para socios que est\u00e1n a tiempo completo, sino el horario es de 8-18h de lunes a viernes.<\/p>\n<p><strong><\/strong><\/p>\n<p><strong>\u00bfPuedo llevar mi propio monitor?<br \/><\/strong><br \/>S\u00ed y si eres socio a tiempo completo puedes dejar-lo en el centro.<\/p>\n<p><strong><\/strong><\/p>\n<p><strong>\u00bfHay aparcamiento gratuito cerca?<br \/><\/strong><\/p>\n<p><strong><\/strong><\/p>\n<p>Aparcamiento del Casal a 110m.<br \/><a href=\"https:\/\/www.google.com\/maps\/dir\/Aparcamiento+del+Casal,+Carrer+d'Anselm+Clav%C3%A9,+30,+17200+Palafrugell,+Girona\/Flocs+Coworking+Palafrugell+-+Espais+de+Treball,+Sales+Privades+i+Sales+de+Reunions,+Carrer+de+l'Estrella,+Palafrugell\/@41.9170524,3.1579675,17z\/data=!3m1!4b1!4m14!4m13!1m5!1m1!1s0x12ba5461d0177b59:0xabdb446d3c9f4ff8!2m2!1d3.1603688!2d41.9167366!1m5!1m1!1s0x12ba5461b721e895:0x5c3cbdee364d4bf3!2m2!1d3.1608233!2d41.9173649!3e2?entry=ttu\">Carrer d&#8217;Anselm Clav\u00e9, 30, 17200 Palafrugell, Girona<\/a><\/p>\n<p>Aparcamiento Municipal a 130m.<br \/>(de Septiembre a Junio: gratuito \/ Julio y Agosto: 90 primeros minutos gratuitos)<br \/><a href=\"https:\/\/www.google.com\/maps\/dir\/Carrer+de+Torres+i+Jonama,+73,+17200+Palafrugell,+Girona\/Flocs+Coworking+Palafrugell+-+Espais+de+Treball,+Sales+Privades+i+Sales+de+Reunions,+Carrer+de+l'Estrella,+Palafrugell\/@41.9176871,3.1594854,19z\/data=!3m1!4b1!4m14!4m13!1m5!1m1!1s0x12ba54605c52cef9:0xc9657a569e24fc84!2m2!1d3.1592745!2d41.9180424!1m5!1m1!1s0x12ba5461b721e895:0x5c3cbdee364d4bf3!2m2!1d3.1608233!2d41.9173649!3e2?entry=ttu\">Carrer de Girona, 73, 17200 Palafrugell, Girona<\/a><\/p>\n<p>Zona deportiva de la escuela Josep Barcel\u00f3 i Matas a 650m.<br \/><a href=\"https:\/\/www.google.com\/maps\/dir\/Zona+deportiva+de+la+escuela+Josep+Barcel%C3%B3+i+Matas,+Carrer+de+la+Torre+dels+Moros,+17200+Palafrugell,+Girona\/Flocs+Coworking+Palafrugell+-+Espais+de+Treball,+Sales+Privades+i+Sales+de+Reunions,+Carrer+de+l'Estrella,+Palafrugell\/@41.9196141,3.1577313,17z\/data=!3m1!4b1!4m14!4m13!1m5!1m1!1s0x12ba5597497dc181:0x41b4197441e96fab!2m2!1d3.1608195!2d41.9218636!1m5!1m1!1s0x12ba5461b721e895:0x5c3cbdee364d4bf3!2m2!1d3.1608233!2d41.9173649!3e2?entry=ttu\">Carrer de la Torre dels Moros, 17200 Palafrugell, Girona<\/a><\/p>\n<p><strong><\/strong><\/p>\n<p><strong>\u00bfHay alg\u00fan supermercado cerca?<\/strong><\/p>\n<p>D\u00eda a 2min.<br \/><a href=\"https:\/\/maps.app.goo.gl\/2mCu938v9hFm8uzw8\">Carrer de Torres i Jonama, 40, 17200 Palafrugell, Girona<\/a><\/p>\n<p>Bon\u00c0rea a 2min.<br \/><a href=\"https:\/\/maps.app.goo.gl\/y1mdCAWo8csoGXG66\">Carrer de Torres i Jonama, 32, 17200 Palafrugell, Girona<\/a><\/p>\n<p>&nbsp;<\/p>\n<p>[\/et_pb_text][\/et_pb_column_inner][\/et_pb_row_inner][\/et_pb_column][et_pb_column type=&#8221;1_4&#8243; _builder_version=&#8221;4.16&#8243; custom_padding=&#8221;|||&#8221; global_colors_info=&#8221;{}&#8221; custom_padding__hover=&#8221;|||&#8221;][et_pb_text _builder_version=&#8221;4.16&#8243; global_colors_info=&#8221;{}&#8221;]<\/p>\n<h1>ENVIANOS UN MAIL<\/h1>\n<p>Rellena el siguiente formulario si necesitas m\u00e1s informaci\u00f3n o si tienes alguna consulta:<br \/>\n[\/et_pb_text][et_pb_contact_form captcha=&#8221;off&#8221; email=&#8221;info@flocscoworking.com&#8221; success_message=&#8221;Muchas gracias por tu mensaje. Recibir\u00e1s una respuesta en breve. &#8221; submit_button_text=&#8221;env\u00eda&#8221; module_id=&#8221;et_pb_contact_form_0&#8243; _builder_version=&#8221;4.16&#8243; _unique_id=&#8221;92c72ccb-ff99-4b96-b63d-5f506b5b9499&#8243; global_colors_info=&#8221;{}&#8221;][et_pb_contact_field field_id=&#8221;Name&#8221; field_title=&#8221;nombre y apellidos&#8221; fullwidth_field=&#8221;on&#8221; _builder_version=&#8221;4.16&#8243; form_field_font=&#8221;||||&#8221; use_border_color=&#8221;off&#8221; global_colors_info=&#8221;{}&#8221;][\/et_pb_contact_field][et_pb_contact_field field_id=&#8221;phone&#8221; field_title=&#8221;tel\u00e9fono de contacto&#8221; fullwidth_field=&#8221;on&#8221; _builder_version=&#8221;4.16&#8243; form_field_font=&#8221;||||&#8221; use_border_color=&#8221;off&#8221; global_colors_info=&#8221;{}&#8221;][\/et_pb_contact_field][et_pb_contact_field field_id=&#8221;Email&#8221; field_title=&#8221;e-mail de contacto&#8221; field_type=&#8221;email&#8221; fullwidth_field=&#8221;on&#8221; _builder_version=&#8221;4.16&#8243; form_field_font=&#8221;||||&#8221; use_border_color=&#8221;off&#8221; global_colors_info=&#8221;{}&#8221;][\/et_pb_contact_field][et_pb_contact_field field_id=&#8221;Message&#8221; field_title=&#8221;consulta&#8221; field_type=&#8221;text&#8221; fullwidth_field=&#8221;on&#8221; _builder_version=&#8221;4.16&#8243; form_field_font=&#8221;||||&#8221; use_border_color=&#8221;off&#8221; global_colors_info=&#8221;{}&#8221;][\/et_pb_contact_field][et_pb_contact_field field_id=&#8221;rgpd&#8221; field_title=&#8221; &#8221; field_type=&#8221;checkbox&#8221; checkbox_options=&#8221;%91{%22value%22:%22Acepto la Pol\u00edtica de Privacidad%22,%22checked%22:0}%93&#8243; _builder_version=&#8221;4.16&#8243; custom_css_main_element=&#8221;width:100%!important;&#8221; global_colors_info=&#8221;{}&#8221;][\/et_pb_contact_field][et_pb_contact_field field_id=&#8221;rgpdb&#8221; field_title=&#8221; &#8221; field_type=&#8221;checkbox&#8221; checkbox_options=&#8221;%91{%22value%22:%22Acepto recibir comunicaciones comerciales%22,%22checked%22:0}%93&#8243; required_mark=&#8221;off&#8221; _builder_version=&#8221;4.16&#8243; custom_css_main_element=&#8221;width:100%!important;&#8221; global_colors_info=&#8221;{}&#8221;][\/et_pb_contact_field][\/et_pb_contact_form][et_pb_code _builder_version=&#8221;4.16&#8243; global_colors_info=&#8221;{}&#8221;]<script type=\"text\/javascript\"><!-- [et_pb_line_break_holder] -->jQuery(function($){<!-- [et_pb_line_break_holder] --> $(\".et_pb_contact_field_checkbox label[for=et_pb_contact_rgpd_4_0]\").html(\"<i><\/i>Acepto la <a href='http:\/\/flocscoworking.com\/politica-de-privacidad'> <strong>Pol\u00edtica de Privacidad<\/strong><\/a>\");<!-- [et_pb_line_break_holder] -->});<!-- [et_pb_line_break_holder] --><!-- [et_pb_line_break_holder] --><\/script>[\/et_pb_code][et_pb_code _builder_version=&#8221;4.16&#8243; _module_preset=&#8221;default&#8221; global_colors_info=&#8221;{}&#8221;]<div class=\"gglcptch gglcptch_v3\"><input type=\"hidden\" id=\"g-recaptcha-response\" name=\"g-recaptcha-response\" \/><br \/><div class=\"gglcptch_error_text\">El periodo de verificaci\u00f3n de reCAPTCHA ha caducado. Por favor, recarga la p\u00e1gina.<\/div><\/div>[\/et_pb_code][\/et_pb_column][\/et_pb_section]<\/p>\n","protected":false},"excerpt":{"rendered":"<p>FLOCS el coworking de Palafrugell. Todos los servicios y comodidades a un buen precio para desarrollar tu trabajo en un entorno productivo y agradable. PREGUNTAS FRECUENTES &nbsp;\u00bfPuedo reservar una mesa s\u00f3lo para reservar un d\u00eda?S\u00ed, tienes la opci\u00f3n de reservar por d\u00edas, semanas y meses, cuanto m\u00e1s tiempo est\u00e9s con nosotros m\u00e1s econ\u00f3mico te resultar\u00e1 [&hellip;]<\/p>\n","protected":false},"author":1,"featured_media":0,"parent":0,"menu_order":0,"comment_status":"closed","ping_status":"closed","template":"","meta":{"_et_pb_use_builder":"on","_et_pb_old_content":"","_et_gb_content_width":"","footnotes":""},"class_list":["post-2507","page","type-page","status-publish","hentry"],"_links":{"self":[{"href":"https:\/\/flocscoworking.com\/es\/wp-json\/wp\/v2\/pages\/2507","targetHints":{"allow":["GET"]}}],"collection":[{"href":"https:\/\/flocscoworking.com\/es\/wp-json\/wp\/v2\/pages"}],"about":[{"href":"https:\/\/flocscoworking.com\/es\/wp-json\/wp\/v2\/types\/page"}],"author":[{"embeddable":true,"href":"https:\/\/flocscoworking.com\/es\/wp-json\/wp\/v2\/users\/1"}],"replies":[{"embeddable":true,"href":"https:\/\/flocscoworking.com\/es\/wp-json\/wp\/v2\/comments?post=2507"}],"version-history":[{"count":5,"href":"https:\/\/flocscoworking.com\/es\/wp-json\/wp\/v2\/pages\/2507\/revisions"}],"predecessor-version":[{"id":2541,"href":"https:\/\/flocscoworking.com\/es\/wp-json\/wp\/v2\/pages\/2507\/revisions\/2541"}],"wp:attachment":[{"href":"https:\/\/flocscoworking.com\/es\/wp-json\/wp\/v2\/media?parent=2507"}],"curies":[{"name":"wp","href":"https:\/\/api.w.org\/{rel}","templated":true}]}}