{"id":860,"date":"2017-10-06T08:53:16","date_gmt":"2017-10-06T08:53:16","guid":{"rendered":"http:\/\/flocscoworking.com\/contacte\/"},"modified":"2025-05-26T10:47:59","modified_gmt":"2025-05-26T08:47:59","slug":"contacto","status":"publish","type":"page","link":"https:\/\/flocscoworking.com\/es\/contacto\/","title":{"rendered":"CONTACTO"},"content":{"rendered":"<p>[et_pb_section fb_built=&#8221;1&#8243; _builder_version=&#8221;4.16&#8243; background_color=&#8221;#f7a700&#8243; background_image=&#8221;http:\/\/flocscoworking.com\/wp-content\/uploads\/2017\/10\/contacte.jpg&#8221; custom_padding=&#8221;54px|0px|132px|0px&#8221; global_colors_info=&#8221;{}&#8221;][et_pb_row _builder_version=&#8221;4.16&#8243; background_size=&#8221;initial&#8221; background_position=&#8221;top_left&#8221; background_repeat=&#8221;repeat&#8221; custom_padding=&#8221;107px|0px|27px|0px&#8221; global_colors_info=&#8221;{}&#8221;][et_pb_column type=&#8221;4_4&#8243; _builder_version=&#8221;4.16&#8243; custom_padding=&#8221;|||&#8221; global_colors_info=&#8221;{}&#8221; custom_padding__hover=&#8221;|||&#8221;][et_pb_text _builder_version=&#8221;4.16&#8243; background_layout=&#8221;dark&#8221; global_colors_info=&#8221;{}&#8221;]<\/p>\n<h1 style=\"text-align: center;\"><strong>FLOCS<\/strong><br \/>\nel coworking de Palafrugell.<\/h1>\n<h2 style=\"text-align: center;\"><\/h2>\n<h2 style=\"text-align: center;\"><\/h2>\n<h2 style=\"text-align: center;\">Todos los servicios y comodidades a un buen precio para desarrollar tu trabajo en un entorno productivo y agradable.<\/h2>\n<p>[\/et_pb_text][\/et_pb_column][\/et_pb_row][\/et_pb_section][et_pb_section fb_built=&#8221;1&#8243; disabled_on=&#8221;on|on|on&#8221; _builder_version=&#8221;4.16&#8243; background_color=&#8221;#f7a700&#8243; background_image=&#8221;http:\/\/flocscoworking.com\/wp-content\/uploads\/2017\/10\/cropped-flocs_iconaweb.png&#8221; background_size=&#8221;initial&#8221; background_position=&#8221;top_left&#8221; background_blend=&#8221;soft-light&#8221; disabled=&#8221;on&#8221; global_colors_info=&#8221;{}&#8221;][et_pb_row _builder_version=&#8221;4.16&#8243; global_colors_info=&#8221;{}&#8221;][et_pb_column type=&#8221;4_4&#8243; _builder_version=&#8221;4.16&#8243; custom_padding=&#8221;|||&#8221; global_colors_info=&#8221;{}&#8221; custom_padding__hover=&#8221;|||&#8221;][et_pb_text _builder_version=&#8221;4.16&#8243; text_orientation=&#8221;center&#8221; background_layout=&#8221;dark&#8221; global_colors_info=&#8221;{}&#8221;]<\/p>\n<h2 style=\"text-align: center;\"><span style=\"color: #ffffff;\">SUSCR\u00cdBETE A LA NEWSLETTER<\/span><\/h2>\n<p>Estar\u00e1s al d\u00eda de nuestras novedades, cursos y ofertas<br \/>\n[\/et_pb_text][et_pb_text _builder_version=&#8221;4.16&#8243; global_colors_info=&#8221;{}&#8221;] <script>(function() {\n\twindow.mc4wp = window.mc4wp || {\n\t\tlisteners: [],\n\t\tforms: {\n\t\t\ton: function(evt, cb) {\n\t\t\t\twindow.mc4wp.listeners.push(\n\t\t\t\t\t{\n\t\t\t\t\t\tevent   : evt,\n\t\t\t\t\t\tcallback: cb\n\t\t\t\t\t}\n\t\t\t\t);\n\t\t\t}\n\t\t}\n\t}\n})();\n<\/script><!-- Mailchimp for WordPress v4.12.1 - https:\/\/wordpress.org\/plugins\/mailchimp-for-wp\/ --><form id=\"mc4wp-form-1\" class=\"mc4wp-form mc4wp-form-606\" method=\"post\" data-id=\"606\" data-name=\"newsletter\" ><div class=\"mc4wp-form-fields\"><div class=\"et_pb_contact\">\r\n  \r\n\r\n<p class=\"et_pb_contact_field\">\r\n\t<label><\/label>\r\n\t<input type=\"email\" class=\"input\" name=\"EMAIL\" placeholder=\"Email\" required \/>\r\n<\/p>\r\n  \r\n<span class=\"et_pb_contact_field\">\r\n  <input id=\"agree\" class=\"input\" name=\"AGREE_TO_TERMS\" type=\"checkbox\" value=\"1\" required=\"\"\/>\r\n    <label for=\"agree\">\r\n      <i><\/i>\r\n         <a href=\"http:\/\/flocscoworking.com\/politica-de-privacidad\" target=\"_blank\">Accepto la Pol\u00edtica de Privacitat<\/a>\r\n    <\/label>\r\n<\/span>\r\n<span class=\"et_pb_contact_field\">\r\n  <input id=\"comercials\" class=\"input\" name=\"AGREE_TO_TERMS\" type=\"checkbox\" value=\"1\"\/>\r\n    <label for=\"comercials\">\r\n      <i><\/i>\r\n         <a href=\"#\" target=\"_blank\">Accepto rebre comunicacions comercials<\/a>\r\n    <\/label>\r\n<\/span>\r\n<p>\r\n\t<input class=\"et_pb_contact_submit et_pb_button\" type=\"submit\" value=\"Subscriu-re'm ara!\" \/>\r\n<\/p>\r\n<\/div><\/div><label style=\"display: none !important;\">Deja vac\u00edo este campo si eres humano: <input type=\"text\" name=\"_mc4wp_honeypot\" value=\"\" tabindex=\"-1\" autocomplete=\"off\" \/><\/label><input type=\"hidden\" name=\"_mc4wp_timestamp\" value=\"1776213880\" \/><input type=\"hidden\" name=\"_mc4wp_form_id\" value=\"606\" \/><input type=\"hidden\" name=\"_mc4wp_form_element_id\" value=\"mc4wp-form-1\" \/><div class=\"mc4wp-response\"><\/div><\/form><!-- \/ Mailchimp for WordPress Plugin --> [\/et_pb_text][\/et_pb_column][\/et_pb_row][\/et_pb_section][et_pb_section fb_built=&#8221;1&#8243; specialty=&#8221;on&#8221; background_repeat_1=&#8221;no-repeat&#8221; background_repeat_2=&#8221;no-repeat&#8221; background_position_1=&#8221;top_left&#8221; background_position_2=&#8221;top_left&#8221; _builder_version=&#8221;4.16&#8243; custom_padding=&#8221;54px|0px|74px|0px&#8221; global_colors_info=&#8221;{}&#8221;][et_pb_column type=&#8221;3_4&#8243; specialty_columns=&#8221;3&#8243; _builder_version=&#8221;4.16&#8243; custom_padding=&#8221;|||&#8221; global_colors_info=&#8221;{}&#8221; custom_padding__hover=&#8221;|||&#8221;][et_pb_row_inner admin_label=&#8221;Row&#8221; _builder_version=&#8221;4.16&#8243; custom_padding=&#8221;29.6875px|0px|9px|0px&#8221; global_colors_info=&#8221;{}&#8221;][et_pb_column_inner saved_specialty_column_type=&#8221;3_4&#8243; _builder_version=&#8221;4.16&#8243; custom_padding=&#8221;|||&#8221; global_colors_info=&#8221;{}&#8221; custom_padding__hover=&#8221;|||&#8221;][et_pb_text _builder_version=&#8221;4.16&#8243; global_colors_info=&#8221;{}&#8221;]<\/p>\n<h1>DATOS DE CONTACTO:<\/h1>\n<h3>Direcci\u00f3n, tel\u00e9fono y datos de inter\u00e9s<\/h3>\n<p>&nbsp;<br \/>\n[\/et_pb_text][et_pb_text _builder_version=&#8221;4.27.4&#8243; hover_enabled=&#8221;0&#8243; global_colors_info=&#8221;{}&#8221; sticky_enabled=&#8221;0&#8243;]<\/p>\n<p><strong>c\/ de l&#8217;Estrella, 6<\/strong><br \/><strong> 17200 Palafugell (GIRONA)<\/strong><\/p>\n<p>T. 613 483 911<\/p>\n<p>Horario:<br \/>de 8 a 18h. de lunes a viernes<\/p>\n<p>Parquing Municipal a 130m.<br \/>(de Setiembre a Junio: <strong>gratuito<\/strong>\u00a0\/ Julio y Agosto: 90 primeros minutos gratis)<\/p>\n<p>[\/et_pb_text][\/et_pb_column_inner][\/et_pb_row_inner][et_pb_row_inner admin_label=&#8221;Row&#8221; _builder_version=&#8221;4.16&#8243; global_colors_info=&#8221;{}&#8221;][et_pb_column_inner saved_specialty_column_type=&#8221;3_4&#8243; _builder_version=&#8221;4.16&#8243; custom_padding=&#8221;|||&#8221; global_colors_info=&#8221;{}&#8221; custom_padding__hover=&#8221;|||&#8221;][et_pb_map address=&#8221;Carrer de l&#8217;Estrella, 6, 17200 Palafrugell, Girona, Espa\u00f1a&#8221; address_lat=&#8221;41.9174304&#8243; address_lng=&#8221;3.160882899999933&#8243; _builder_version=&#8221;4.16&#8243; global_colors_info=&#8221;{}&#8221;][et_pb_map_pin title=&#8221;FLOCS Coworking&#8221; pin_address=&#8221;Carrer de l&#8217;Estrella, 6, 17200 Palafrugell, Girona, Espa\u00f1a&#8221; pin_address_lat=&#8221;41.9174304&#8243; pin_address_lng=&#8221;3.160882899999933&#8243; _builder_version=&#8221;3.0.47&#8243; global_colors_info=&#8221;{}&#8221;][\/et_pb_map_pin][et_pb_map_pin title=&#8221;Parking&#8221; pin_address=&#8221;Carrer d&#8217;Anselm Clav\u00e9, 30, 17200 Palafrugell, Girona, Espa\u00f1a&#8221; pin_address_lat=&#8221;41.91650127355699&#8243; pin_address_lng=&#8221;3.1607383558891797&#8243; _builder_version=&#8221;3.0.47&#8243; global_colors_info=&#8221;{}&#8221;][\/et_pb_map_pin][\/et_pb_map][\/et_pb_column_inner][\/et_pb_row_inner][\/et_pb_column][et_pb_column type=&#8221;1_4&#8243; _builder_version=&#8221;4.16&#8243; custom_padding=&#8221;|||&#8221; global_colors_info=&#8221;{}&#8221; custom_padding__hover=&#8221;|||&#8221;][et_pb_text _builder_version=&#8221;4.16&#8243; global_colors_info=&#8221;{}&#8221;]<\/p>\n<h1>ENVIANOS UN MAIL<\/h1>\n<p>Rellena el siguiente formulario si necesitas m\u00e1s informaci\u00f3n o si tienes alguna consulta:<br \/>\n[\/et_pb_text][et_pb_contact_form captcha=&#8221;off&#8221; email=&#8221;info@flocscoworking.com&#8221; success_message=&#8221;Muchas gracias por tu mensaje. Recibir\u00e1s una respuesta en breve. &#8221; submit_button_text=&#8221;env\u00eda&#8221; module_id=&#8221;et_pb_contact_form_0&#8243; _builder_version=&#8221;4.16&#8243; _unique_id=&#8221;92c72ccb-ff99-4b96-b63d-5f506b5b9499&#8243; global_colors_info=&#8221;{}&#8221;][et_pb_contact_field field_id=&#8221;Name&#8221; field_title=&#8221;nombre y apellidos&#8221; fullwidth_field=&#8221;on&#8221; _builder_version=&#8221;4.16&#8243; form_field_font=&#8221;||||&#8221; use_border_color=&#8221;off&#8221; global_colors_info=&#8221;{}&#8221;][\/et_pb_contact_field][et_pb_contact_field field_id=&#8221;phone&#8221; field_title=&#8221;tel\u00e9fono de contacto&#8221; fullwidth_field=&#8221;on&#8221; _builder_version=&#8221;4.16&#8243; form_field_font=&#8221;||||&#8221; use_border_color=&#8221;off&#8221; global_colors_info=&#8221;{}&#8221;][\/et_pb_contact_field][et_pb_contact_field field_id=&#8221;Email&#8221; field_title=&#8221;e-mail de contacto&#8221; field_type=&#8221;email&#8221; fullwidth_field=&#8221;on&#8221; _builder_version=&#8221;4.16&#8243; form_field_font=&#8221;||||&#8221; use_border_color=&#8221;off&#8221; global_colors_info=&#8221;{}&#8221;][\/et_pb_contact_field][et_pb_contact_field field_id=&#8221;Message&#8221; field_title=&#8221;consulta&#8221; field_type=&#8221;text&#8221; fullwidth_field=&#8221;on&#8221; _builder_version=&#8221;4.16&#8243; form_field_font=&#8221;||||&#8221; use_border_color=&#8221;off&#8221; global_colors_info=&#8221;{}&#8221;][\/et_pb_contact_field][et_pb_contact_field field_id=&#8221;rgpd&#8221; field_title=&#8221; &#8221; field_type=&#8221;checkbox&#8221; checkbox_options=&#8221;%91{%22value%22:%22Acepto la Pol\u00edtica de Privacidad%22,%22checked%22:0}%93&#8243; _builder_version=&#8221;4.16&#8243; custom_css_main_element=&#8221;width:100%!important;&#8221; global_colors_info=&#8221;{}&#8221;][\/et_pb_contact_field][et_pb_contact_field field_id=&#8221;rgpdb&#8221; field_title=&#8221; &#8221; field_type=&#8221;checkbox&#8221; checkbox_options=&#8221;%91{%22value%22:%22Acepto recibir comunicaciones comerciales%22,%22checked%22:0}%93&#8243; required_mark=&#8221;off&#8221; _builder_version=&#8221;4.16&#8243; custom_css_main_element=&#8221;width:100%!important;&#8221; global_colors_info=&#8221;{}&#8221;][\/et_pb_contact_field][\/et_pb_contact_form][et_pb_code _builder_version=&#8221;4.23.1&#8243; global_colors_info=&#8221;{}&#8221;]<script type=\"text\/javascript\"><!-- [et_pb_line_break_holder] -->jQuery(function($){<!-- [et_pb_line_break_holder] --> $(\".et_pb_contact_field_checkbox label[for=et_pb_contact_rgpd_4_0]\").html(\"<i><\/i>Acepto la <a href=\"https:\/\/flocscoworking.com\/es\/politica-de-privacidad\/\" target='_blank'> <strong>Pol\u00edtica de Privacidad<\/strong><\/a>\");<!-- [et_pb_line_break_holder] -->});<!-- [et_pb_line_break_holder] --><!-- [et_pb_line_break_holder] --><\/script>[\/et_pb_code][et_pb_code _builder_version=&#8221;4.16&#8243; _module_preset=&#8221;default&#8221; global_colors_info=&#8221;{}&#8221;]<div class=\"gglcptch gglcptch_v3\"><input type=\"hidden\" id=\"g-recaptcha-response\" name=\"g-recaptcha-response\" \/><br \/><div class=\"gglcptch_error_text\">El periodo de verificaci\u00f3n de reCAPTCHA ha caducado. Por favor, recarga la p\u00e1gina.<\/div><\/div>[\/et_pb_code][\/et_pb_column][\/et_pb_section]<\/p>\n","protected":false},"excerpt":{"rendered":"<p>FLOCS el coworking de Palafrugell. Todos los servicios y comodidades a un buen precio para desarrollar tu trabajo en un entorno productivo y agradable. SUSCR\u00cdBETE A LA NEWSLETTER Estar\u00e1s al d\u00eda de nuestras novedades, cursos y ofertas <script>(function() {\n\twindow.mc4wp = window.mc4wp || {\n\t\tlisteners: [],\n\t\tforms: {\n\t\t\ton: function(evt, cb) {\n\t\t\t\twindow.mc4wp.listeners.push(\n\t\t\t\t\t{\n\t\t\t\t\t\tevent   : evt,\n\t\t\t\t\t\tcallback: cb\n\t\t\t\t\t}\n\t\t\t\t);\n\t\t\t}\n\t\t}\n\t}\n})();\n<\/script><!-- Mailchimp for WordPress v4.12.1 - https:\/\/wordpress.org\/plugins\/mailchimp-for-wp\/ --><form id=\"mc4wp-form-2\" class=\"mc4wp-form mc4wp-form-606\" method=\"post\" data-id=\"606\" data-name=\"newsletter\" ><div class=\"mc4wp-form-fields\"><div class=\"et_pb_contact\">\r\n  \r\n\r\n<p class=\"et_pb_contact_field\">\r\n\t<label><\/label>\r\n\t<input type=\"email\" class=\"input\" name=\"EMAIL\" placeholder=\"Email\" required \/>\r\n<\/p>\r\n  \r\n<span class=\"et_pb_contact_field\">\r\n  <input id=\"agree\" class=\"input\" name=\"AGREE_TO_TERMS\" type=\"checkbox\" value=\"1\" required=\"\"\/>\r\n    <label for=\"agree\">\r\n      <i><\/i>\r\n         <a href=\"http:\/\/flocscoworking.com\/politica-de-privacidad\" target=\"_blank\">Accepto la Pol\u00edtica de Privacitat<\/a>\r\n    <\/label>\r\n<\/span>\r\n<span class=\"et_pb_contact_field\">\r\n  <input id=\"comercials\" class=\"input\" name=\"AGREE_TO_TERMS\" type=\"checkbox\" value=\"1\"\/>\r\n    <label for=\"comercials\">\r\n      <i><\/i>\r\n         <a href=\"#\" target=\"_blank\">Accepto rebre comunicacions comercials<\/a>\r\n    <\/label>\r\n<\/span>\r\n<p>\r\n\t<input class=\"et_pb_contact_submit et_pb_button\" type=\"submit\" value=\"Subscriu-re'm ara!\" \/>\r\n<\/p>\r\n<\/div><\/div><label style=\"display: none !important;\">Deja vac\u00edo este campo si eres humano: <input type=\"text\" name=\"_mc4wp_honeypot\" value=\"\" tabindex=\"-1\" autocomplete=\"off\" \/><\/label><input type=\"hidden\" name=\"_mc4wp_timestamp\" value=\"1776213880\" \/><input type=\"hidden\" name=\"_mc4wp_form_id\" value=\"606\" \/><input type=\"hidden\" name=\"_mc4wp_form_element_id\" value=\"mc4wp-form-2\" \/><div class=\"mc4wp-response\"><\/div><\/form><!-- \/ Mailchimp for WordPress Plugin --> DATOS DE CONTACTO: Direcci\u00f3n, tel\u00e9fono y datos de inter\u00e9s &nbsp; c\/ de l&#8217;Estrella, 6 17200 Palafugell [&hellip;]<\/p>\n","protected":false},"author":1,"featured_media":0,"parent":0,"menu_order":0,"comment_status":"closed","ping_status":"closed","template":"","meta":{"_et_pb_use_builder":"on","_et_pb_old_content":"","_et_gb_content_width":"","footnotes":""},"class_list":["post-860","page","type-page","status-publish","hentry"],"_links":{"self":[{"href":"https:\/\/flocscoworking.com\/es\/wp-json\/wp\/v2\/pages\/860","targetHints":{"allow":["GET"]}}],"collection":[{"href":"https:\/\/flocscoworking.com\/es\/wp-json\/wp\/v2\/pages"}],"about":[{"href":"https:\/\/flocscoworking.com\/es\/wp-json\/wp\/v2\/types\/page"}],"author":[{"embeddable":true,"href":"https:\/\/flocscoworking.com\/es\/wp-json\/wp\/v2\/users\/1"}],"replies":[{"embeddable":true,"href":"https:\/\/flocscoworking.com\/es\/wp-json\/wp\/v2\/comments?post=860"}],"version-history":[{"count":6,"href":"https:\/\/flocscoworking.com\/es\/wp-json\/wp\/v2\/pages\/860\/revisions"}],"predecessor-version":[{"id":3158,"href":"https:\/\/flocscoworking.com\/es\/wp-json\/wp\/v2\/pages\/860\/revisions\/3158"}],"wp:attachment":[{"href":"https:\/\/flocscoworking.com\/es\/wp-json\/wp\/v2\/media?parent=860"}],"curies":[{"name":"wp","href":"https:\/\/api.w.org\/{rel}","templated":true}]}}